{"id":10,"date":"2023-09-20T20:57:50","date_gmt":"2023-09-20T23:57:50","guid":{"rendered":"https:\/\/trespinheiros.com.br\/index.php\/maintenance-page\/"},"modified":"2023-09-20T22:56:51","modified_gmt":"2023-09-21T01:56:51","slug":"maintenance-page","status":"publish","type":"page","link":"https:\/\/trespinheiros.com.br\/","title":{"rendered":"Maintenance Page"},"content":{"rendered":"\n<div id=\"wp-block-themeisle-blocks-advanced-columns-0d617423\" class=\"wp-block-themeisle-blocks-advanced-columns alignfull has-1-columns has-desktop-equal-layout has-tablet-equal-layout has-mobile-equal-layout has-vertical-center has-light-bg\"><div class=\"wp-block-themeisle-blocks-advanced-columns-overlay\"><\/div><div class=\"innerblocks-wrap\">\n<div id=\"wp-block-themeisle-blocks-advanced-column-09847c7b\" class=\"wp-block-themeisle-blocks-advanced-column\">\n<figure class=\"wp-block-image ticss-3f08ab9a\"><img decoding=\"async\" loading=\"lazy\" width=\"1162\" height=\"781\" src=\"https:\/\/trespinheiros.com.br\/wp-content\/uploads\/2023\/09\/TresPinheiros_Logo-COR-em-PNG.png\" alt=\"\" class=\"wp-image-14\" srcset=\"https:\/\/trespinheiros.com.br\/wp-content\/uploads\/2023\/09\/TresPinheiros_Logo-COR-em-PNG.png 1162w, https:\/\/trespinheiros.com.br\/wp-content\/uploads\/2023\/09\/TresPinheiros_Logo-COR-em-PNG-300x202.png 300w, https:\/\/trespinheiros.com.br\/wp-content\/uploads\/2023\/09\/TresPinheiros_Logo-COR-em-PNG-1024x688.png 1024w, https:\/\/trespinheiros.com.br\/wp-content\/uploads\/2023\/09\/TresPinheiros_Logo-COR-em-PNG-768x516.png 768w\" sizes=\"(max-width: 1162px) 100vw, 1162px\" \/><\/figure>\n\n\n\n<p><\/p>\n\n\n\n<p><\/p>\n\n\n\n<h1 id=\"wp-block-themeisle-blocks-advanced-heading-84bfa495\" class=\"wp-block-themeisle-blocks-advanced-heading wp-block-themeisle-blocks-advanced-heading-84bfa495\">Nosso Website est\u00e1 sendo reconstru\u00eddo.<\/h1>\n\n\n\n<p><\/p>\n\n\n\n<p><\/p>\n\n\n\n<p id=\"wp-block-themeisle-blocks-advanced-heading-4956a7c6\" class=\"wp-block-themeisle-blocks-advanced-heading wp-block-themeisle-blocks-advanced-heading-4956a7c6\">N\u00f3s estamos fazendos algumas novas implementa\u00e7\u00f5es e atualiza\u00e7\u00f5es em nosso website, devido a isso foi necess\u00e1rio deix\u00e1-lo &#8220;offline&#8221;, por enquanto. Pedimos desculpas pelo transtorno. Trabalhamos para que o ambiente volto o quanto antes!<\/p>\n\n\n\n<p class=\"has-text-align-center\"><strong>Pelo momento, nosso cat\u00e1logo de produtos pode ser acessado no link abaixo<\/strong><\/p>\n\n\n\n<ul class=\"wp-block-social-links has-large-icon-size has-icon-color is-style-logos-only is-content-justification-center is-layout-flex wp-container-1 wp-block-social-links-is-layout-flex\"><li style=\"color: #282525; \" class=\"wp-social-link wp-social-link-chain  wp-block-social-link\"><a href=\"https:\/\/trespinheiros.com.br\/wp-content\/uploads\/2023\/09\/catalogo_digital.pdf\" class=\"wp-block-social-link-anchor\"><svg width=\"24\" height=\"24\" viewBox=\"0 0 24 24\" version=\"1.1\" xmlns=\"http:\/\/www.w3.org\/2000\/svg\" aria-hidden=\"true\" focusable=\"false\"><path d=\"M15.6,7.2H14v1.5h1.6c2,0,3.7,1.7,3.7,3.7s-1.7,3.7-3.7,3.7H14v1.5h1.6c2.8,0,5.2-2.3,5.2-5.2,0-2.9-2.3-5.2-5.2-5.2zM4.7,12.4c0-2,1.7-3.7,3.7-3.7H10V7.2H8.4c-2.9,0-5.2,2.3-5.2,5.2,0,2.9,2.3,5.2,5.2,5.2H10v-1.5H8.4c-2,0-3.7-1.7-3.7-3.7zm4.6.9h5.3v-1.5H9.3v1.5z\"><\/path><\/svg><span class=\"wp-block-social-link-label screen-reader-text\">Link<\/span><\/a><\/li><\/ul>\n<\/div>\n<\/div><\/div>\n\n\n\n<div id=\"wp-block-themeisle-blocks-advanced-columns-5d630746\" class=\"wp-block-themeisle-blocks-advanced-columns alignfull has-1-columns has-desktop-equal-layout has-tablet-equal-layout has-mobile-equal-layout has-vertical-center has-light-bg\"><div class=\"wp-block-themeisle-blocks-advanced-columns-overlay\"><\/div><div class=\"innerblocks-wrap\">\n<div id=\"wp-block-themeisle-blocks-advanced-column-e9363a5a\" class=\"wp-block-themeisle-blocks-advanced-column\">\n<div id=\"wp-block-themeisle-blocks-advanced-columns-cd4b7a17\" class=\"wp-block-themeisle-blocks-advanced-columns has-2-columns has-desktop-oneTwo-layout has-tablet-collapsedRows-layout has-mobile-collapsedRows-layout has-vertical-unset\"><div class=\"wp-block-themeisle-blocks-advanced-columns-overlay\"><\/div><div class=\"innerblocks-wrap\">\n<div id=\"wp-block-themeisle-blocks-advanced-column-915f5db4\" class=\"wp-block-themeisle-blocks-advanced-column\">\n<figure class=\"wp-block-image size-large\"><img decoding=\"async\" src=\"https:\/\/demosites.io\/otter\/wp-content\/uploads\/sites\/664\/2022\/08\/165-1.svg\" alt=\"\" class=\"wp-image-164\"\/><\/figure>\n<\/div>\n\n\n\n<div id=\"wp-block-themeisle-blocks-advanced-column-31d8f751\" class=\"wp-block-themeisle-blocks-advanced-column\">\n<h1 id=\"wp-block-themeisle-blocks-advanced-heading-948398ab\" class=\"wp-block-themeisle-blocks-advanced-heading wp-block-themeisle-blocks-advanced-heading-948398ab\">Caso queira contatar-nos utilizem  (11) 2981-6714,  992173438 ou envie-nos  um email.<\/h1>\n\n\n\n<p>Responderemos assim que poss\u00edvel!<\/p>\n\n\n\n<div id=\"wp-block-themeisle-blocks-form-f9b364b5\" class=\"wp-block-themeisle-blocks-form\" data-option-name=\"bf9b28ff82ce323187abc5d0feb0d8f07ecd8436_f9b364b5\"><form class=\"otter-form__container\">\n<div id=\"wp-block-themeisle-blocks-form-input-dee32220\" class=\"wp-block-themeisle-blocks-form-input\"><label for=\"wp-block-themeisle-blocks-form-input-dee32220-input\" class=\"otter-form-input-label\"><span class=\"otter-form-input-label__label\">Nome<\/span><span class=\"required\">*<\/span><\/label><input type=\"text\" id=\"wp-block-themeisle-blocks-form-input-dee32220-input\" required placeholder=\"Your Name\" class=\"otter-form-input\"\/><\/div>\n\n\n\n<div id=\"wp-block-themeisle-blocks-form-input-ed39daf2\" class=\"wp-block-themeisle-blocks-form-input\"><label for=\"wp-block-themeisle-blocks-form-input-ed39daf2-input\" class=\"otter-form-input-label\"><span class=\"otter-form-input-label__label\">Email<\/span><span class=\"required\">*<\/span><\/label><input type=\"email\" id=\"wp-block-themeisle-blocks-form-input-ed39daf2-input\" required placeholder=\"Your email\" class=\"otter-form-input\"\/><\/div>\n\n\n<div class=\"protection\" aria-hidden=\"true\"><input type=\"hidden\" id=\"wp-block-themeisle-blocks-form-f9b364b5_nonce_field\" name=\"wp-block-themeisle-blocks-form-f9b364b5_nonce_field\" value=\"6913fc73ac\" \/><input type=\"hidden\" name=\"_wp_http_referer\" value=\"\/index.php\/wp-json\/wp\/v2\/pages\/10\" \/><input class=\"o-anti-bot\" type=\"checkbox\"><\/div>\n\n\n<div id=\"wp-block-themeisle-blocks-form-textarea-16e85dea\" class=\"wp-block-themeisle-blocks-form-textarea\"><label for=\"wp-block-themeisle-blocks-form-textarea-16e85dea-input\" class=\"otter-form-textarea-label\"><span class=\"otter-form-textarea-label__label\">Sua mensagem<\/span><\/label><textarea id=\"wp-block-themeisle-blocks-form-textarea-16e85dea-input\" placeholder=\"Add your message here\" rows=\"10\" class=\"otter-form-textarea-input\"><\/textarea><\/div>\n\n\n\n<p class=\"has-text-align-left has-neve-text-color-color has-text-color has-small-font-size\">This form collects your name and email so that we can reach you back. Check out our <a href=\"#\">Privacy Policy<\/a> page to fully understand how we protect and manage your submitted data.<\/p>\n<div class=\"wp-block-button\"><button class=\"wp-block-button__link\" type=\"submit\">Send message!<\/button><\/div><\/form><\/div>\n<\/div>\n<\/div><\/div>\n<\/div>\n<\/div><\/div>\n","protected":false},"excerpt":{"rendered":"","protected":false},"author":1,"featured_media":0,"parent":0,"menu_order":0,"comment_status":"closed","ping_status":"closed","template":"templates\/wpmm-page-template.php","meta":{"om_disable_all_campaigns":false,"_monsterinsights_skip_tracking":false,"_monsterinsights_sitenote_active":false,"_monsterinsights_sitenote_note":"","_monsterinsights_sitenote_category":0,"_themeisle_gutenberg_block_has_review":false,"footnotes":""},"aioseo_notices":[],"_links":{"self":[{"href":"https:\/\/trespinheiros.com.br\/index.php\/wp-json\/wp\/v2\/pages\/10"}],"collection":[{"href":"https:\/\/trespinheiros.com.br\/index.php\/wp-json\/wp\/v2\/pages"}],"about":[{"href":"https:\/\/trespinheiros.com.br\/index.php\/wp-json\/wp\/v2\/types\/page"}],"author":[{"embeddable":true,"href":"https:\/\/trespinheiros.com.br\/index.php\/wp-json\/wp\/v2\/users\/1"}],"replies":[{"embeddable":true,"href":"https:\/\/trespinheiros.com.br\/index.php\/wp-json\/wp\/v2\/comments?post=10"}],"version-history":[{"count":11,"href":"https:\/\/trespinheiros.com.br\/index.php\/wp-json\/wp\/v2\/pages\/10\/revisions"}],"predecessor-version":[{"id":32,"href":"https:\/\/trespinheiros.com.br\/index.php\/wp-json\/wp\/v2\/pages\/10\/revisions\/32"}],"wp:attachment":[{"href":"https:\/\/trespinheiros.com.br\/index.php\/wp-json\/wp\/v2\/media?parent=10"}],"curies":[{"name":"wp","href":"https:\/\/api.w.org\/{rel}","templated":true}]}}